{"id":22,"date":"2023-07-07T13:53:13","date_gmt":"2023-07-07T13:53:13","guid":{"rendered":"http:\/\/emporus-invest.de\/?page_id=22"},"modified":"2023-07-08T10:11:23","modified_gmt":"2023-07-08T10:11:23","slug":"start","status":"publish","type":"page","link":"https:\/\/emporus-invest.de\/","title":{"rendered":"Startseite"},"content":{"rendered":"<style>\/*! elementor - v3.14.0 - 26-06-2023 *\/\n.elementor-heading-title{padding:0;margin:0;line-height:1}.elementor-widget-heading .elementor-heading-title[class*=elementor-size-]>a{color:inherit;font-size:inherit;line-height:inherit}.elementor-widget-heading .elementor-heading-title.elementor-size-small{font-size:15px}.elementor-widget-heading .elementor-heading-title.elementor-size-medium{font-size:19px}.elementor-widget-heading .elementor-heading-title.elementor-size-large{font-size:29px}.elementor-widget-heading .elementor-heading-title.elementor-size-xl{font-size:39px}.elementor-widget-heading .elementor-heading-title.elementor-size-xxl{font-size:59px}<\/style>\n<h2>Mission Statement<\/h2>\n<p>Wir von EMPORUS INVEST glauben wir fest daran, dass Nachhaltigkeit und Innovation Hand in Hand gehen. Durch nachhaltige Investments und die F\u00f6rderung innovativer Gesch\u00e4ftsideen m\u00f6chten wir Unternehmen und wirtschaftliche Entwicklungen unterst\u00fctzen, die einen positiven Einfluss auf die Gesellschaft und die Umwelt haben. Unser Fokus liegt darauf, langfristige Werte zu schaffen und eine nachhaltige Entwicklung voranzutreiben.<\/p>\n<h2>\u00dcber uns<\/h2>\n<p>Wir sind ein dynamisches Unternehmen, das sich auf Investments, Beteiligungen und den nachhaltigen Aufbau von Business-Modellen spezialisiert hat. Unser Ziel ist es, das Potenzial von Unternehmen zu entfesseln und Innovationen zu f\u00f6rdern, um eine nachhaltige und erfolgreiche Zukunft zu gestalten.<\/p>\n<h2>F\u00f6rderung<\/h2>\n<h2>Aufbau<\/h2>\n<h2>Wachstum<\/h2>\n<p>Wir erkennen und unterst\u00fctzen innovative Gesch\u00e4ftsideen, die das Potenzial haben, die Branche zu ver\u00e4ndern und neue Ma\u00dfst\u00e4be zu setzen. Durch finanzielle Unterst\u00fctzung, strategische Beratung und Netzwerkm\u00f6glichkeiten.\u00a0<\/p>\n<p>Wir helfen Unternehmen dabei, nachhaltige Gesch\u00e4ftsmodelle zu entwickeln und zu implementierenUnser Ansatz zielt darauf ab, langfristiges Wachstum und positive Auswirkungen auf die Gesellschaft zu erm\u00f6glichen.<\/p>\n<p>Wir bieten ma\u00dfgeschneiderte Investmentl\u00f6sungen, alle Potenziael voll auszusch\u00f6pfen. Unsere Expertise erm\u00f6glicht es, die richtigen strategischen Partnerschaften einzugehen und gemeinsam erfolgreich zu sein.<\/p>\n<style id=\"wpforms-css-vars-26\">\n\t\t\t\t#wpforms-26 {\n\t\t\t\t\n\t\t\t}\n\t\t\t<\/style><div class=\"wpforms-container wpforms-container-full wpforms-render-modern\" id=\"wpforms-26\"><form id=\"wpforms-form-26\" class=\"wpforms-validate wpforms-form wpforms-ajax-form\" data-formid=\"26\" method=\"post\" enctype=\"multipart\/form-data\" action=\"\/index.php?rest_route=%2Fwp%2Fv2%2Fpages%2F22\" data-token=\"fcc5e48328895001ee9b0c3e5e83bc7c\" data-token-time=\"1775902855\"><noscript class=\"wpforms-error-noscript\">Bitte aktiviere JavaScript in deinem Browser, um dieses Formular fertigzustellen.<\/noscript><div id=\"wpforms-error-noscript\" style=\"display: none;\">Bitte aktiviere JavaScript in deinem Browser, um dieses Formular fertigzustellen.<\/div><div class=\"wpforms-field-container\"><div id=\"wpforms-26-field_0-container\" class=\"wpforms-field wpforms-field-name\" data-field-id=\"0\"><fieldset><legend class=\"wpforms-field-label\">Name <span class=\"wpforms-required-label\" aria-hidden=\"true\">*<\/span><\/legend><div class=\"wpforms-field-row wpforms-field-medium\"><div class=\"wpforms-field-row-block wpforms-first wpforms-one-half\"><input type=\"text\" id=\"wpforms-26-field_0\" class=\"wpforms-field-name-first wpforms-field-required\" name=\"wpforms[fields][0][first]\" aria-errormessage=\"wpforms-26-field_0-error\" required><label for=\"wpforms-26-field_0\" class=\"wpforms-field-sublabel after\">Vorname<\/label><\/div><div class=\"wpforms-field-row-block wpforms-one-half\"><input type=\"text\" id=\"wpforms-26-field_0-last\" class=\"wpforms-field-name-last wpforms-field-required\" name=\"wpforms[fields][0][last]\" aria-errormessage=\"wpforms-26-field_0-last-error\" required><label for=\"wpforms-26-field_0-last\" class=\"wpforms-field-sublabel after\">Nachname<\/label><\/div><\/div><\/fieldset><\/div><div id=\"wpforms-26-field_1-container\" class=\"wpforms-field wpforms-field-email\" data-field-id=\"1\"><label class=\"wpforms-field-label\" for=\"wpforms-26-field_1\">E-Mail <span class=\"wpforms-required-label\" aria-hidden=\"true\">*<\/span><\/label><input type=\"email\" id=\"wpforms-26-field_1\" class=\"wpforms-field-medium wpforms-field-required\" name=\"wpforms[fields][1]\" spellcheck=\"false\" aria-errormessage=\"wpforms-26-field_1-error\" required><\/div><div id=\"wpforms-26-field_2-container\" class=\"wpforms-field wpforms-field-textarea\" data-field-id=\"2\"><label class=\"wpforms-field-label\" for=\"wpforms-26-field_2\">Kommentar oder Nachricht<\/label><textarea id=\"wpforms-26-field_2\" class=\"wpforms-field-medium\" name=\"wpforms[fields][2]\" aria-errormessage=\"wpforms-26-field_2-error\" ><\/textarea><\/div><\/div><!-- .wpforms-field-container --><div class=\"wpforms-submit-container\" ><input type=\"hidden\" name=\"wpforms[id]\" value=\"26\"><input type=\"hidden\" name=\"page_title\" value=\"\"><input type=\"hidden\" name=\"page_url\" value=\"https:\/\/emporus-invest.de\/index.php?rest_route=\/wp\/v2\/pages\/22\"><input type=\"hidden\" name=\"url_referer\" value=\"\"><button type=\"submit\" name=\"wpforms[submit]\" id=\"wpforms-submit-26\" class=\"wpforms-submit\" data-alt-text=\"Senden\u2026\" data-submit-text=\"Absenden\" aria-live=\"assertive\" value=\"wpforms-submit\">Absenden<\/button><img src=\"https:\/\/emporus-invest.de\/wp-content\/plugins\/wpforms-lite\/assets\/images\/submit-spin.svg\" class=\"wpforms-submit-spinner\" style=\"display: none;\" width=\"26\" height=\"26\" alt=\"Wird geladen\"><\/div><\/form><\/div>  <!-- .wpforms-container -->\n","protected":false},"excerpt":{"rendered":"<p>Mission Statement Wir von EMPORUS INVEST glauben wir fest daran, dass Nachhaltigkeit und Innovation Hand in Hand gehen. Durch nachhaltige Investments und die F\u00f6rderung innovativer Gesch\u00e4ftsideen m\u00f6chten wir Unternehmen und wirtschaftliche Entwicklungen unterst\u00fctzen, die einen positiven Einfluss auf die Gesellschaft und die Umwelt haben. Unser Fokus liegt darauf, langfristige Werte zu schaffen und eine nachhaltige&hellip; <a class=\"more-link\" href=\"https:\/\/emporus-invest.de\/\"><span class=\"screen-reader-text\">Startseite<\/span> weiterlesen<\/a><\/p>\n","protected":false},"author":1,"featured_media":0,"parent":0,"menu_order":0,"comment_status":"closed","ping_status":"closed","template":"elementor_header_footer","meta":[],"_links":{"self":[{"href":"https:\/\/emporus-invest.de\/index.php?rest_route=\/wp\/v2\/pages\/22"}],"collection":[{"href":"https:\/\/emporus-invest.de\/index.php?rest_route=\/wp\/v2\/pages"}],"about":[{"href":"https:\/\/emporus-invest.de\/index.php?rest_route=\/wp\/v2\/types\/page"}],"author":[{"embeddable":true,"href":"https:\/\/emporus-invest.de\/index.php?rest_route=\/wp\/v2\/users\/1"}],"replies":[{"embeddable":true,"href":"https:\/\/emporus-invest.de\/index.php?rest_route=%2Fwp%2Fv2%2Fcomments&post=22"}],"version-history":[{"count":34,"href":"https:\/\/emporus-invest.de\/index.php?rest_route=\/wp\/v2\/pages\/22\/revisions"}],"predecessor-version":[{"id":85,"href":"https:\/\/emporus-invest.de\/index.php?rest_route=\/wp\/v2\/pages\/22\/revisions\/85"}],"wp:attachment":[{"href":"https:\/\/emporus-invest.de\/index.php?rest_route=%2Fwp%2Fv2%2Fmedia&parent=22"}],"curies":[{"name":"wp","href":"https:\/\/api.w.org\/{rel}","templated":true}]}}